{"id":1382,"date":"2025-04-24T08:01:33","date_gmt":"2025-04-24T07:01:33","guid":{"rendered":"https:\/\/www.gameforce.be\/presse\/"},"modified":"2025-05-26T16:00:15","modified_gmt":"2025-05-26T15:00:15","slug":"presse","status":"publish","type":"page","link":"https:\/\/www.gameforce.be\/fr\/presse\/","title":{"rendered":"Presse"},"content":{"rendered":"\t\t<div data-elementor-type=\"wp-page\" data-elementor-id=\"1382\" class=\"elementor elementor-1382 elementor-137\" data-elementor-post-type=\"page\">\n\t\t\t\t<div class=\"elementor-element elementor-element-75c87c0 e-flex e-con-boxed e-con e-parent\" data-id=\"75c87c0\" data-element_type=\"container\" data-settings=\"{&quot;background_background&quot;:&quot;gradient&quot;}\">\n\t\t\t\t\t<div class=\"e-con-inner\">\n\t\t<div class=\"elementor-element elementor-element-cfc8d34 animated-fast e-flex e-con-boxed elementor-invisible e-con e-child\" data-id=\"cfc8d34\" data-element_type=\"container\" data-settings=\"{&quot;animation&quot;:&quot;zoomIn&quot;}\">\n\t\t\t\t\t<div class=\"e-con-inner\">\n\t\t<div class=\"elementor-element elementor-element-e66e5ab e-con-full e-flex e-con e-child\" data-id=\"e66e5ab\" data-element_type=\"container\" data-settings=\"{&quot;background_background&quot;:&quot;gradient&quot;}\">\n\t\t\t\t<div class=\"elementor-element elementor-element-96cfeff elementor-widget elementor-widget-heading\" data-id=\"96cfeff\" data-element_type=\"widget\" data-widget_type=\"heading.default\">\n\t\t\t\t<div class=\"elementor-widget-container\">\n\t\t\t\t\t<h1 class=\"elementor-heading-title elementor-size-default\">Presse<\/h1>\t\t\t\t<\/div>\n\t\t\t\t<\/div>\n\t\t\t\t<\/div>\n\t\t<div class=\"elementor-element elementor-element-9d1f9c0 e-con-full elementor-hidden-mobile e-flex e-con e-child\" data-id=\"9d1f9c0\" data-element_type=\"container\" data-settings=\"{&quot;background_background&quot;:&quot;gradient&quot;}\">\n\t\t\t\t<div class=\"elementor-element elementor-element-8da7419 e-transform elementor-widget elementor-widget-image\" data-id=\"8da7419\" data-element_type=\"widget\" data-settings=\"{&quot;motion_fx_motion_fx_scrolling&quot;:&quot;yes&quot;,&quot;_transform_scale_effect&quot;:{&quot;unit&quot;:&quot;px&quot;,&quot;size&quot;:1.2,&quot;sizes&quot;:[]},&quot;motion_fx_devices&quot;:[&quot;desktop&quot;],&quot;_transform_scale_effect_tablet&quot;:{&quot;unit&quot;:&quot;px&quot;,&quot;size&quot;:1,&quot;sizes&quot;:[]},&quot;_transform_scale_effect_mobile&quot;:{&quot;unit&quot;:&quot;px&quot;,&quot;size&quot;:&quot;&quot;,&quot;sizes&quot;:[]}}\" data-widget_type=\"image.default\">\n\t\t\t\t<div class=\"elementor-widget-container\">\n\t\t\t\t\t\t\t\t\t\t\t\t\t\t\t<img fetchpriority=\"high\" decoding=\"async\" width=\"800\" height=\"738\" src=\"https:\/\/easyfairsassets.com\/sites\/352\/2025\/05\/Rico-Angry_cropped-1024x944.png\" class=\"attachment-large size-large wp-image-845\" alt=\"\" srcset=\"https:\/\/easyfairsassets.com\/sites\/352\/2025\/05\/Rico-Angry_cropped-1024x944.png 1024w, https:\/\/easyfairsassets.com\/sites\/352\/2025\/05\/Rico-Angry_cropped-300x277.png 300w, https:\/\/easyfairsassets.com\/sites\/352\/2025\/05\/Rico-Angry_cropped-768x708.png 768w, https:\/\/easyfairsassets.com\/sites\/352\/2025\/05\/Rico-Angry_cropped.png 1179w\" sizes=\"(max-width: 800px) 100vw, 800px\" \/>\t\t\t\t\t\t\t\t\t\t\t\t\t\t\t<\/div>\n\t\t\t\t<\/div>\n\t\t\t\t<\/div>\n\t\t\t\t\t<\/div>\n\t\t\t\t<\/div>\n\t\t\t\t\t<\/div>\n\t\t\t\t<\/div>\n\t\t<div class=\"elementor-element elementor-element-1dd5a2b e-flex e-con-boxed e-con e-parent\" data-id=\"1dd5a2b\" data-element_type=\"container\" data-settings=\"{&quot;background_background&quot;:&quot;gradient&quot;}\">\n\t\t\t\t\t<div class=\"e-con-inner\">\n\t\t<div class=\"elementor-element elementor-element-ef1fdb7 e-flex e-con-boxed e-con e-child\" data-id=\"ef1fdb7\" data-element_type=\"container\" data-settings=\"{&quot;background_background&quot;:&quot;classic&quot;}\">\n\t\t\t\t\t<div class=\"e-con-inner\">\n\t\t\t\t<div class=\"elementor-element elementor-element-42dae96 elementor-widget elementor-widget-heading\" data-id=\"42dae96\" data-element_type=\"widget\" data-widget_type=\"heading.default\">\n\t\t\t\t<div class=\"elementor-widget-container\">\n\t\t\t\t\t<h2 class=\"elementor-heading-title elementor-size-default\">Pas d\u2019info pour le moment. Reviens plus tard !<\/h2>\t\t\t\t<\/div>\n\t\t\t\t<\/div>\n\t\t\t\t\t<\/div>\n\t\t\t\t<\/div>\n\t\t\t\t\t<\/div>\n\t\t\t\t<\/div>\n\t\t\t\t<\/div>\n\t\t","protected":false},"excerpt":{"rendered":"<p>Presse Pas d\u2019info pour le moment. Reviens plus tard !<\/p>\n","protected":false},"author":933,"featured_media":0,"parent":0,"menu_order":13,"comment_status":"closed","ping_status":"closed","template":"","meta":{"_seopress_robots_primary_cat":"","_seopress_titles_title":"Infos presse & Accr\u00e9ditations | GameForce","_seopress_titles_desc":"Si vous \u00eates un membre de la presse et que vous souhaitez assister directement \u00e0 l'\u00e9v\u00e9nement, consultez cette page pour obtenir des informations et des itin\u00e9raires.","_seopress_robots_index":"","footnotes":""},"class_list":["post-1382","page","type-page","status-publish","hentry"],"_links":{"self":[{"href":"https:\/\/www.gameforce.be\/fr\/wp-json\/wp\/v2\/pages\/1382","targetHints":{"allow":["GET"]}}],"collection":[{"href":"https:\/\/www.gameforce.be\/fr\/wp-json\/wp\/v2\/pages"}],"about":[{"href":"https:\/\/www.gameforce.be\/fr\/wp-json\/wp\/v2\/types\/page"}],"author":[{"embeddable":true,"href":"https:\/\/www.gameforce.be\/fr\/wp-json\/wp\/v2\/users\/933"}],"replies":[{"embeddable":true,"href":"https:\/\/www.gameforce.be\/fr\/wp-json\/wp\/v2\/comments?post=1382"}],"version-history":[{"count":3,"href":"https:\/\/www.gameforce.be\/fr\/wp-json\/wp\/v2\/pages\/1382\/revisions"}],"predecessor-version":[{"id":1385,"href":"https:\/\/www.gameforce.be\/fr\/wp-json\/wp\/v2\/pages\/1382\/revisions\/1385"}],"wp:attachment":[{"href":"https:\/\/www.gameforce.be\/fr\/wp-json\/wp\/v2\/media?parent=1382"}],"curies":[{"name":"wp","href":"https:\/\/api.w.org\/{rel}","templated":true}]}}