{"id":1313,"date":"2025-04-24T07:48:02","date_gmt":"2025-04-24T06:48:02","guid":{"rendered":"https:\/\/www.gameforce.be\/les-exposants\/deviens-exposant\/"},"modified":"2025-05-26T15:49:00","modified_gmt":"2025-05-26T14:49:00","slug":"deviens-exposant","status":"publish","type":"page","link":"https:\/\/www.gameforce.be\/fr\/les-exposants\/deviens-exposant\/","title":{"rendered":"Deviens exposant"},"content":{"rendered":"\t\t<div data-elementor-type=\"wp-page\" data-elementor-id=\"1313\" class=\"elementor elementor-1313 elementor-89\" data-elementor-post-type=\"page\">\n\t\t\t\t<div class=\"elementor-element elementor-element-74c19fd e-flex e-con-boxed e-con e-parent\" data-id=\"74c19fd\" data-element_type=\"container\" data-settings=\"{&quot;background_background&quot;:&quot;gradient&quot;}\">\n\t\t\t\t\t<div class=\"e-con-inner\">\n\t\t<div class=\"elementor-element elementor-element-8b23461 animated-fast e-flex e-con-boxed elementor-invisible e-con e-child\" data-id=\"8b23461\" data-element_type=\"container\" data-settings=\"{&quot;animation&quot;:&quot;zoomIn&quot;}\">\n\t\t\t\t\t<div class=\"e-con-inner\">\n\t\t<div class=\"elementor-element elementor-element-cef5846 e-con-full e-flex e-con e-child\" data-id=\"cef5846\" data-element_type=\"container\" data-settings=\"{&quot;background_background&quot;:&quot;gradient&quot;}\">\n\t\t\t\t<div class=\"elementor-element elementor-element-ad2827d elementor-widget elementor-widget-heading\" data-id=\"ad2827d\" data-element_type=\"widget\" data-widget_type=\"heading.default\">\n\t\t\t\t<div class=\"elementor-widget-container\">\n\t\t\t\t\t<h1 class=\"elementor-heading-title elementor-size-default\">Deviens exposant \u00e0 GameForce<\/h1>\t\t\t\t<\/div>\n\t\t\t\t<\/div>\n\t\t\t\t<div class=\"elementor-element elementor-element-7ac531e elementor-widget elementor-widget-text-editor\" data-id=\"7ac531e\" data-element_type=\"widget\" data-widget_type=\"text-editor.default\">\n\t\t\t\t<div class=\"elementor-widget-container\">\n\t\t\t\t\t\t\t\t\t<p>Remplis ce formulaire pour postuler en tant qu\u2019exposant \u00e0 la convention. Apr\u00e8s examen de ta demande, l\u2019\u00e9quipe de GameForce te contactera par e-mail d\u00e8s que possible. On esp\u00e8re te voir lors de l\u2019une de nos prochaines \u00e9ditions !<\/p>\n\t\t\t\t\t\t\t\t<\/div>\n\t\t\t\t<\/div>\n\t\t\t\t<\/div>\n\t\t<div class=\"elementor-element elementor-element-b2e0a0e e-con-full elementor-hidden-mobile e-flex e-con e-child\" data-id=\"b2e0a0e\" data-element_type=\"container\" data-settings=\"{&quot;background_background&quot;:&quot;gradient&quot;}\">\n\t\t\t\t<div class=\"elementor-element elementor-element-f1335e5 e-transform elementor-widget elementor-widget-image\" data-id=\"f1335e5\" data-element_type=\"widget\" data-settings=\"{&quot;motion_fx_motion_fx_scrolling&quot;:&quot;yes&quot;,&quot;_transform_scale_effect&quot;:{&quot;unit&quot;:&quot;px&quot;,&quot;size&quot;:1.2,&quot;sizes&quot;:[]},&quot;motion_fx_devices&quot;:[&quot;desktop&quot;],&quot;_transform_scale_effect_tablet&quot;:{&quot;unit&quot;:&quot;px&quot;,&quot;size&quot;:1,&quot;sizes&quot;:[]},&quot;_transform_scale_effect_mobile&quot;:{&quot;unit&quot;:&quot;px&quot;,&quot;size&quot;:&quot;&quot;,&quot;sizes&quot;:[]}}\" data-widget_type=\"image.default\">\n\t\t\t\t<div class=\"elementor-widget-container\">\n\t\t\t\t\t\t\t\t\t\t\t\t\t\t\t<img fetchpriority=\"high\" decoding=\"async\" width=\"800\" height=\"738\" src=\"https:\/\/easyfairsassets.com\/sites\/352\/2025\/05\/Rico-Angry_cropped-1024x944.png\" class=\"attachment-large size-large wp-image-845\" alt=\"\" srcset=\"https:\/\/easyfairsassets.com\/sites\/352\/2025\/05\/Rico-Angry_cropped-1024x944.png 1024w, https:\/\/easyfairsassets.com\/sites\/352\/2025\/05\/Rico-Angry_cropped-300x277.png 300w, https:\/\/easyfairsassets.com\/sites\/352\/2025\/05\/Rico-Angry_cropped-768x708.png 768w, https:\/\/easyfairsassets.com\/sites\/352\/2025\/05\/Rico-Angry_cropped.png 1179w\" sizes=\"(max-width: 800px) 100vw, 800px\" \/>\t\t\t\t\t\t\t\t\t\t\t\t\t\t\t<\/div>\n\t\t\t\t<\/div>\n\t\t\t\t<\/div>\n\t\t\t\t\t<\/div>\n\t\t\t\t<\/div>\n\t\t\t\t\t<\/div>\n\t\t\t\t<\/div>\n\t\t<div class=\"elementor-element elementor-element-9f42ce1 e-flex e-con-boxed e-con e-parent\" data-id=\"9f42ce1\" data-element_type=\"container\" data-settings=\"{&quot;background_background&quot;:&quot;gradient&quot;}\">\n\t\t\t\t\t<div class=\"e-con-inner\">\n\t\t<div class=\"elementor-element elementor-element-3a94569 e-con-full e-flex e-con e-child\" data-id=\"3a94569\" data-element_type=\"container\" data-settings=\"{&quot;background_background&quot;:&quot;gradient&quot;}\">\n\t\t\t\t<div class=\"elementor-element elementor-element-83598c4 elementor-widget elementor-widget-text-editor\" data-id=\"83598c4\" data-element_type=\"widget\" data-widget_type=\"text-editor.default\">\n\t\t\t\t<div class=\"elementor-widget-container\">\n\t\t\t\t\t\t\t\t\t<p>Ne t&rsquo;inqui\u00e8te pas : ce n&rsquo;est que la premi\u00e8re \u00e9tape du processus, sans aucune obligation. D\u00e8s que nos coll\u00e8gues recevront tes informations via ce formulaire, ils t&rsquo;enverront les documents et les tarifs. Une fois que tu auras sign\u00e9 et renvoy\u00e9 ces documents, ton inscription sera finalis\u00e9e.<\/p>\n\t\t\t\t\t\t\t\t<\/div>\n\t\t\t\t<\/div>\n\t\t\t\t<div class=\"elementor-element elementor-element-be8dd35 elementor-button-align-end elementor-widget elementor-widget-form\" data-id=\"be8dd35\" data-element_type=\"widget\" data-settings=\"{&quot;step_next_label&quot;:&quot;Suivant&quot;,&quot;step_previous_label&quot;:&quot;Pr\\u00e9c\\u00e9dent&quot;,&quot;button_width&quot;:&quot;100&quot;,&quot;step_type&quot;:&quot;number_text&quot;,&quot;step_icon_shape&quot;:&quot;circle&quot;}\" data-widget_type=\"form.default\">\n\t\t\t\t<div class=\"elementor-widget-container\">\n\t\t\t\t\t\t\t<form class=\"elementor-form\" method=\"post\" name=\"Inscription exposants GameForce\" aria-label=\"Inscription exposants GameForce\">\n\t\t\t<input type=\"hidden\" name=\"post_id\" value=\"1313\"\/>\n\t\t\t<input type=\"hidden\" name=\"form_id\" value=\"be8dd35\"\/>\n\t\t\t<input type=\"hidden\" name=\"referer_title\" value=\"\" \/>\n\n\t\t\t\n\t\t\t<div class=\"elementor-form-fields-wrapper elementor-labels-above\">\n\t\t\t\t\t\t\t\t<div class=\"elementor-field-type-text elementor-field-group elementor-column elementor-field-group-name elementor-col-100 elementor-field-required\">\n\t\t\t\t\t\t\t\t\t\t\t\t<label for=\"form-field-name\" class=\"elementor-field-label\">\n\t\t\t\t\t\t\t\tPr\u00e9nom et nom\t\t\t\t\t\t\t<\/label>\n\t\t\t\t\t\t\t\t\t\t\t\t\t\t<input size=\"1\" type=\"text\" name=\"form_fields[name]\" id=\"form-field-name\" class=\"elementor-field elementor-size-sm  elementor-field-textual\" placeholder=\"Pr\u00e9nom et nom\" required=\"required\">\n\t\t\t\t\t\t\t\t\t\t\t<\/div>\n\t\t\t\t\t\t\t\t<div class=\"elementor-field-type-text elementor-field-group elementor-column elementor-field-group-field_42bbcf0 elementor-col-100 elementor-field-required\">\n\t\t\t\t\t\t\t\t\t\t\t\t<label for=\"form-field-field_42bbcf0\" class=\"elementor-field-label\">\n\t\t\t\t\t\t\t\tFonction (dans votre entreprise)\t\t\t\t\t\t\t<\/label>\n\t\t\t\t\t\t\t\t\t\t\t\t\t\t<input size=\"1\" type=\"text\" name=\"form_fields[field_42bbcf0]\" id=\"form-field-field_42bbcf0\" class=\"elementor-field elementor-size-sm  elementor-field-textual\" placeholder=\"Fonction (dans votre entreprise)\" required=\"required\">\n\t\t\t\t\t\t\t\t\t\t\t<\/div>\n\t\t\t\t\t\t\t\t<div class=\"elementor-field-type-text elementor-field-group elementor-column elementor-field-group-field_c6b5883 elementor-col-100 elementor-field-required\">\n\t\t\t\t\t\t\t\t\t\t\t\t<label for=\"form-field-field_c6b5883\" class=\"elementor-field-label\">\n\t\t\t\t\t\t\t\tNom de votre entreprise\t\t\t\t\t\t\t<\/label>\n\t\t\t\t\t\t\t\t\t\t\t\t\t\t<input size=\"1\" type=\"text\" name=\"form_fields[field_c6b5883]\" id=\"form-field-field_c6b5883\" class=\"elementor-field elementor-size-sm  elementor-field-textual\" placeholder=\"Nom de votre entreprise\" required=\"required\">\n\t\t\t\t\t\t\t\t\t\t\t<\/div>\n\t\t\t\t\t\t\t\t<div class=\"elementor-field-type-text elementor-field-group elementor-column elementor-field-group-field_0402ccb elementor-col-100 elementor-field-required\">\n\t\t\t\t\t\t\t\t\t\t\t\t<label for=\"form-field-field_0402ccb\" class=\"elementor-field-label\">\n\t\t\t\t\t\t\t\tNum\u00e9ro de TVA\t\t\t\t\t\t\t<\/label>\n\t\t\t\t\t\t\t\t\t\t\t\t\t\t<input size=\"1\" type=\"text\" name=\"form_fields[field_0402ccb]\" id=\"form-field-field_0402ccb\" class=\"elementor-field elementor-size-sm  elementor-field-textual\" placeholder=\"Si vous n&#039;avez pas de num\u00e9ro de TVA, indiquez : &quot;Pas de TVA&quot;\" required=\"required\">\n\t\t\t\t\t\t\t\t\t\t\t<\/div>\n\t\t\t\t\t\t\t\t<div class=\"elementor-field-type-tel elementor-field-group elementor-column elementor-field-group-field_dea08a8 elementor-col-100 elementor-field-required\">\n\t\t\t\t\t\t\t\t\t\t\t\t<label for=\"form-field-field_dea08a8\" class=\"elementor-field-label\">\n\t\t\t\t\t\t\t\tNum\u00e9ro de t\u00e9l\u00e9phone\t\t\t\t\t\t\t<\/label>\n\t\t\t\t\t\t\t\t<input size=\"1\" type=\"tel\" name=\"form_fields[field_dea08a8]\" id=\"form-field-field_dea08a8\" class=\"elementor-field elementor-size-sm  elementor-field-textual\" placeholder=\"Num\u00e9ro de t\u00e9l\u00e9phone\" required=\"required\" pattern=\"[0-9()#&amp;+*-=.]+\" title=\"Only numbers and phone characters (#, -, *, etc) are accepted.\">\n\n\t\t\t\t\t\t<\/div>\n\t\t\t\t\t\t\t\t<div class=\"elementor-field-type-email elementor-field-group elementor-column elementor-field-group-field_879d283 elementor-col-100 elementor-field-required\">\n\t\t\t\t\t\t\t\t\t\t\t\t<label for=\"form-field-field_879d283\" class=\"elementor-field-label\">\n\t\t\t\t\t\t\t\tE-mail\t\t\t\t\t\t\t<\/label>\n\t\t\t\t\t\t\t\t\t\t\t\t\t\t<input size=\"1\" type=\"email\" name=\"form_fields[field_879d283]\" id=\"form-field-field_879d283\" class=\"elementor-field elementor-size-sm  elementor-field-textual\" placeholder=\"E-mail\" required=\"required\">\n\t\t\t\t\t\t\t\t\t\t\t<\/div>\n\t\t\t\t\t\t\t\t<div class=\"elementor-field-type-text elementor-field-group elementor-column elementor-field-group-email elementor-col-100 elementor-field-required\">\n\t\t\t\t\t\t\t\t\t\t\t\t<label for=\"form-field-email\" class=\"elementor-field-label\">\n\t\t\t\t\t\t\t\tAdresse de l'entreprise\t\t\t\t\t\t\t<\/label>\n\t\t\t\t\t\t\t\t\t\t\t\t\t\t<input size=\"1\" type=\"text\" name=\"form_fields[email]\" id=\"form-field-email\" class=\"elementor-field elementor-size-sm  elementor-field-textual\" placeholder=\"Num\u00e9ro, rue, ville, pays\" required=\"required\">\n\t\t\t\t\t\t\t\t\t\t\t<\/div>\n\t\t\t\t\t\t\t\t<div class=\"elementor-field-type-text elementor-field-group elementor-column elementor-field-group-field_d44c95c elementor-col-100 elementor-field-required\">\n\t\t\t\t\t\t\t\t\t\t\t\t<label for=\"form-field-field_d44c95c\" class=\"elementor-field-label\">\n\t\t\t\t\t\t\t\tSite Web\t\t\t\t\t\t\t<\/label>\n\t\t\t\t\t\t\t\t\t\t\t\t\t\t<input size=\"1\" type=\"text\" name=\"form_fields[field_d44c95c]\" id=\"form-field-field_d44c95c\" class=\"elementor-field elementor-size-sm  elementor-field-textual\" placeholder=\"Si pas de site web, indiquez votre page Facebook\" required=\"required\">\n\t\t\t\t\t\t\t\t\t\t\t<\/div>\n\t\t\t\t\t\t\t\t<div class=\"elementor-field-type-text elementor-field-group elementor-column elementor-field-group-field_ebd8fb6 elementor-col-100 elementor-field-required\">\n\t\t\t\t\t\t\t\t\t\t\t\t<label for=\"form-field-field_ebd8fb6\" class=\"elementor-field-label\">\n\t\t\t\t\t\t\t\tPage Facebook\t\t\t\t\t\t\t<\/label>\n\t\t\t\t\t\t\t\t\t\t\t\t\t\t<input size=\"1\" type=\"text\" name=\"form_fields[field_ebd8fb6]\" id=\"form-field-field_ebd8fb6\" class=\"elementor-field elementor-size-sm  elementor-field-textual\" placeholder=\"Facebook\" required=\"required\">\n\t\t\t\t\t\t\t\t\t\t\t<\/div>\n\t\t\t\t\t\t\t\t<div class=\"elementor-field-type-checkbox elementor-field-group elementor-column elementor-field-group-field_a12bbb3 elementor-col-100\">\n\t\t\t\t\t\t\t\t\t\t\t\t<label for=\"form-field-field_a12bbb3\" class=\"elementor-field-label\">\n\t\t\t\t\t\t\t\tLangue\t\t\t\t\t\t\t<\/label>\n\t\t\t\t\t\t<div class=\"elementor-field-subgroup  elementor-subgroup-inline\"><span class=\"elementor-field-option\"><input type=\"checkbox\" value=\"English\" id=\"form-field-field_a12bbb3-0\" name=\"form_fields[field_a12bbb3][]\"> <label for=\"form-field-field_a12bbb3-0\">English<\/label><\/span><span class=\"elementor-field-option\"><input type=\"checkbox\" value=\"Fran\u00e7ais\" id=\"form-field-field_a12bbb3-1\" name=\"form_fields[field_a12bbb3][]\"> <label for=\"form-field-field_a12bbb3-1\">Fran\u00e7ais<\/label><\/span><span class=\"elementor-field-option\"><input type=\"checkbox\" value=\"Nederlands\" id=\"form-field-field_a12bbb3-2\" name=\"form_fields[field_a12bbb3][]\"> <label for=\"form-field-field_a12bbb3-2\">Nederlands<\/label><\/span><\/div>\t\t\t\t<\/div>\n\t\t\t\t\t\t\t\t<div class=\"elementor-field-type-checkbox elementor-field-group elementor-column elementor-field-group-field_b35f85f elementor-col-100\">\n\t\t\t\t\t\t\t\t\t\t\t\t<label for=\"form-field-field_b35f85f\" class=\"elementor-field-label\">\n\t\t\t\t\t\t\t\tQuelle cat\u00e9gorie d'exposant \u00eates-vous ?\t\t\t\t\t\t\t<\/label>\n\t\t\t\t\t\t<div class=\"elementor-field-subgroup  \"><span class=\"elementor-field-option\"><input type=\"checkbox\" value=\"Artiste\" id=\"form-field-field_b35f85f-0\" name=\"form_fields[field_b35f85f][]\"> <label for=\"form-field-field_b35f85f-0\">Artiste<\/label><\/span><span class=\"elementor-field-option\"><input type=\"checkbox\" value=\"Particulier\" id=\"form-field-field_b35f85f-1\" name=\"form_fields[field_b35f85f][]\"> <label for=\"form-field-field_b35f85f-1\">Particulier<\/label><\/span><span class=\"elementor-field-option\"><input type=\"checkbox\" value=\"Professionnel\" id=\"form-field-field_b35f85f-2\" name=\"form_fields[field_b35f85f][]\"> <label for=\"form-field-field_b35f85f-2\">Professionnel<\/label><\/span><span class=\"elementor-field-option\"><input type=\"checkbox\" value=\"D\u00e9veloppeur \/ \u00c9diteur de jeux vid\u00e9o\" id=\"form-field-field_b35f85f-3\" name=\"form_fields[field_b35f85f][]\"> <label for=\"form-field-field_b35f85f-3\">D\u00e9veloppeur \/ \u00c9diteur de jeux vid\u00e9o<\/label><\/span><\/div>\t\t\t\t<\/div>\n\t\t\t\t\t\t\t\t<div class=\"elementor-field-type-textarea elementor-field-group elementor-column elementor-field-group-message elementor-col-100\">\n\t\t\t\t\t\t\t\t\t\t\t\t<label for=\"form-field-message\" class=\"elementor-field-label\">\n\t\t\t\t\t\t\t\tMessage\t\t\t\t\t\t\t<\/label>\n\t\t\t\t\t\t<textarea class=\"elementor-field-textual elementor-field  elementor-size-sm\" name=\"form_fields[message]\" id=\"form-field-message\" rows=\"4\" placeholder=\"Message\"><\/textarea>\t\t\t\t<\/div>\n\t\t\t\t\t\t\t\t<div class=\"elementor-field-group elementor-column elementor-field-type-submit elementor-col-100 e-form__buttons\">\n\t\t\t\t\t<button class=\"elementor-button elementor-size-sm\" type=\"submit\">\n\t\t\t\t\t\t<span class=\"elementor-button-content-wrapper\">\n\t\t\t\t\t\t\t\t\t\t\t\t\t\t\t\t\t\t\t\t\t\t<span class=\"elementor-button-text\">Envoyer<\/span>\n\t\t\t\t\t\t\t\t\t\t\t\t\t<\/span>\n\t\t\t\t\t<\/button>\n\t\t\t\t<\/div>\n\t\t\t<\/div>\n\t\t<\/form>\n\t\t\t\t\t\t<\/div>\n\t\t\t\t<\/div>\n\t\t\t\t<\/div>\n\t\t<div class=\"elementor-element elementor-element-a67378e e-con-full e-flex e-con e-child\" data-id=\"a67378e\" data-element_type=\"container\" data-settings=\"{&quot;background_background&quot;:&quot;classic&quot;}\">\n\t\t\t\t<div class=\"elementor-element elementor-element-aa1facb elementor-widget elementor-widget-heading\" data-id=\"aa1facb\" data-element_type=\"widget\" data-widget_type=\"heading.default\">\n\t\t\t\t<div class=\"elementor-widget-container\">\n\t\t\t\t\t<h3 class=\"elementor-heading-title elementor-size-default\">N'h\u00e9sitez pas \u00e0 consulter nos conditions g\u00e9n\u00e9rales.<\/h3>\t\t\t\t<\/div>\n\t\t\t\t<\/div>\n\t\t\t\t<div class=\"elementor-element elementor-element-202047e elementor-widget elementor-widget-button\" data-id=\"202047e\" data-element_type=\"widget\" data-widget_type=\"button.default\">\n\t\t\t\t<div class=\"elementor-widget-container\">\n\t\t\t\t\t\t\t\t\t<div class=\"elementor-button-wrapper\">\n\t\t\t\t\t<a class=\"elementor-button elementor-button-link elementor-size-sm\" href=\"https:\/\/www.easyfairs.com\/general-terms-conditions\/#Exh-GTC\" target=\"_blank\">\n\t\t\t\t\t\t<span class=\"elementor-button-content-wrapper\">\n\t\t\t\t\t\t<span class=\"elementor-button-icon\">\n\t\t\t\t<svg aria-hidden=\"true\" class=\"e-font-icon-svg e-fas-arrow-right\" viewBox=\"0 0 448 512\" xmlns=\"http:\/\/www.w3.org\/2000\/svg\"><path d=\"M190.5 66.9l22.2-22.2c9.4-9.4 24.6-9.4 33.9 0L441 239c9.4 9.4 9.4 24.6 0 33.9L246.6 467.3c-9.4 9.4-24.6 9.4-33.9 0l-22.2-22.2c-9.5-9.5-9.3-25 .4-34.3L311.4 296H24c-13.3 0-24-10.7-24-24v-32c0-13.3 10.7-24 24-24h287.4L190.9 101.2c-9.8-9.3-10-24.8-.4-34.3z\"><\/path><\/svg>\t\t\t<\/span>\n\t\t\t\t\t\t\t\t\t<span class=\"elementor-button-text\">Consulter le document<\/span>\n\t\t\t\t\t<\/span>\n\t\t\t\t\t<\/a>\n\t\t\t\t<\/div>\n\t\t\t\t\t\t\t\t<\/div>\n\t\t\t\t<\/div>\n\t\t\t\t<\/div>\n\t\t\t\t\t<\/div>\n\t\t\t\t<\/div>\n\t\t\t\t<\/div>\n\t\t","protected":false},"excerpt":{"rendered":"<p>Deviens exposant \u00e0 GameForce Remplis ce formulaire pour postuler en tant qu\u2019exposant \u00e0 la convention. Apr\u00e8s examen de ta demande, l\u2019\u00e9quipe de GameForce te contactera par e-mail d\u00e8s que possible. On esp\u00e8re te voir lors de l\u2019une de nos prochaines \u00e9ditions ! Ne t&rsquo;inqui\u00e8te pas : ce n&rsquo;est que la premi\u00e8re \u00e9tape du processus, sans [&hellip;]<\/p>\n","protected":false},"author":933,"featured_media":0,"parent":1309,"menu_order":0,"comment_status":"closed","ping_status":"closed","template":"","meta":{"_seopress_robots_primary_cat":"","_seopress_titles_title":"Deviens exposant \u00e0 GameForce","_seopress_titles_desc":"Remplissez ce formulaire pour poser votre candidature en tant qu'exposant \u00e0 la convention. Apr\u00e8s v\u00e9rification de votre demande, l'\u00e9quipe de GameForce vous contactera par e-mail dans les plus brefs d\u00e9lais. Nous esp\u00e9rons vous voir \u00e0 l'une de nos prochaines \u00e9ditions !","_seopress_robots_index":"","footnotes":""},"class_list":["post-1313","page","type-page","status-publish","hentry"],"_links":{"self":[{"href":"https:\/\/www.gameforce.be\/fr\/wp-json\/wp\/v2\/pages\/1313","targetHints":{"allow":["GET"]}}],"collection":[{"href":"https:\/\/www.gameforce.be\/fr\/wp-json\/wp\/v2\/pages"}],"about":[{"href":"https:\/\/www.gameforce.be\/fr\/wp-json\/wp\/v2\/types\/page"}],"author":[{"embeddable":true,"href":"https:\/\/www.gameforce.be\/fr\/wp-json\/wp\/v2\/users\/933"}],"replies":[{"embeddable":true,"href":"https:\/\/www.gameforce.be\/fr\/wp-json\/wp\/v2\/comments?post=1313"}],"version-history":[{"count":5,"href":"https:\/\/www.gameforce.be\/fr\/wp-json\/wp\/v2\/pages\/1313\/revisions"}],"predecessor-version":[{"id":1402,"href":"https:\/\/www.gameforce.be\/fr\/wp-json\/wp\/v2\/pages\/1313\/revisions\/1402"}],"up":[{"embeddable":true,"href":"https:\/\/www.gameforce.be\/fr\/wp-json\/wp\/v2\/pages\/1309"}],"wp:attachment":[{"href":"https:\/\/www.gameforce.be\/fr\/wp-json\/wp\/v2\/media?parent=1313"}],"curies":[{"name":"wp","href":"https:\/\/api.w.org\/{rel}","templated":true}]}}