{"id":1305,"date":"2025-04-24T07:45:46","date_gmt":"2025-04-24T06:45:46","guid":{"rendered":"https:\/\/www.gameforce.be\/activites\/programme-de-la-scene-principale\/"},"modified":"2025-05-20T13:54:45","modified_gmt":"2025-05-20T12:54:45","slug":"programme-de-la-scene-principale","status":"publish","type":"page","link":"https:\/\/www.gameforce.be\/fr\/activites\/programme-de-la-scene-principale\/","title":{"rendered":"Programme sc\u00e8ne principale"},"content":{"rendered":"\t\t<div data-elementor-type=\"wp-page\" data-elementor-id=\"1305\" class=\"elementor elementor-1305 elementor-81\" data-elementor-post-type=\"page\">\n\t\t\t\t<div class=\"elementor-element elementor-element-7bb312b e-flex e-con-boxed e-con e-parent\" data-id=\"7bb312b\" data-element_type=\"container\" data-settings=\"{&quot;background_background&quot;:&quot;gradient&quot;}\">\n\t\t\t\t\t<div class=\"e-con-inner\">\n\t\t<div class=\"elementor-element elementor-element-6f557cc e-flex e-con-boxed e-con e-child\" data-id=\"6f557cc\" data-element_type=\"container\" data-settings=\"{&quot;background_background&quot;:&quot;classic&quot;}\">\n\t\t\t\t\t<div class=\"e-con-inner\">\n\t\t\t\t<div class=\"elementor-element elementor-element-dd0b619 elementor-tablet-align-right elementor-mobile-align-left elementor-align-left elementor-widget elementor-widget-button\" data-id=\"dd0b619\" data-element_type=\"widget\" data-widget_type=\"button.default\">\n\t\t\t\t<div class=\"elementor-widget-container\">\n\t\t\t\t\t\t\t\t\t<div class=\"elementor-button-wrapper\">\n\t\t\t\t\t<a class=\"elementor-button elementor-button-link elementor-size-md elementor-animation-grow\" href=\"https:\/\/www.gameforce.be\/fr\/activites\/\">\n\t\t\t\t\t\t<span class=\"elementor-button-content-wrapper\">\n\t\t\t\t\t\t<span class=\"elementor-button-icon\">\n\t\t\t\t<svg aria-hidden=\"true\" class=\"e-font-icon-svg e-fas-arrow-left\" viewBox=\"0 0 448 512\" xmlns=\"http:\/\/www.w3.org\/2000\/svg\"><path d=\"M257.5 445.1l-22.2 22.2c-9.4 9.4-24.6 9.4-33.9 0L7 273c-9.4-9.4-9.4-24.6 0-33.9L201.4 44.7c9.4-9.4 24.6-9.4 33.9 0l22.2 22.2c9.5 9.5 9.3 25-.4 34.3L136.6 216H424c13.3 0 24 10.7 24 24v32c0 13.3-10.7 24-24 24H136.6l120.5 114.8c9.8 9.3 10 24.8.4 34.3z\"><\/path><\/svg>\t\t\t<\/span>\n\t\t\t\t\t\t\t\t\t<span class=\"elementor-button-text\">Retour \u00e0 toutes les activit\u00e9s<\/span>\n\t\t\t\t\t<\/span>\n\t\t\t\t\t<\/a>\n\t\t\t\t<\/div>\n\t\t\t\t\t\t\t\t<\/div>\n\t\t\t\t<\/div>\n\t\t\t\t<div class=\"elementor-element elementor-element-c31287a elementor-widget__width-initial elementor-widget elementor-widget-text-editor\" data-id=\"c31287a\" data-element_type=\"widget\" data-widget_type=\"text-editor.default\">\n\t\t\t\t<div class=\"elementor-widget-container\">\n\t\t\t\t\t\t\t\t\t<p>La sc\u00e8ne principale, c\u2019est le c\u0153ur battant de GameForce, avec deux jours non-stop d\u2019activit\u00e9s et de spectacles de folie. Regarde les cosplayeurs qui d\u00e9filent avec leurs costumes incroyables, plonge dans des tournois pleins d\u2019adr\u00e9naline, ou \u00e9coute des conf\u00e9rences captivantes avec des pros et des l\u00e9gendes du gaming. Il y a toujours quelque chose \u00e0 vivre, alors passe faire un tour et profite \u00e0 fond de l\u2019ambiance !<\/p>\n\t\t\t\t\t\t\t\t<\/div>\n\t\t\t\t<\/div>\n\t\t\t\t\t<\/div>\n\t\t\t\t<\/div>\n\t\t\t\t\t<\/div>\n\t\t\t\t<\/div>\n\t\t<div class=\"elementor-element elementor-element-05c6ea7 e-flex e-con-boxed e-con e-parent\" data-id=\"05c6ea7\" data-element_type=\"container\" data-settings=\"{&quot;background_background&quot;:&quot;gradient&quot;}\">\n\t\t\t\t\t<div class=\"e-con-inner\">\n\t\t<div class=\"elementor-element elementor-element-b286ffd e-flex e-con-boxed e-con e-child\" data-id=\"b286ffd\" data-element_type=\"container\" data-settings=\"{&quot;background_background&quot;:&quot;classic&quot;}\">\n\t\t\t\t\t<div class=\"e-con-inner\">\n\t\t\t\t<div class=\"elementor-element elementor-element-6f27566 elementor-widget elementor-widget-heading\" data-id=\"6f27566\" data-element_type=\"widget\" data-widget_type=\"heading.default\">\n\t\t\t\t<div class=\"elementor-widget-container\">\n\t\t\t\t\t<h2 class=\"elementor-heading-title elementor-size-default\">Pas d\u2019info pour le moment. Reviens plus tard !<\/h2>\t\t\t\t<\/div>\n\t\t\t\t<\/div>\n\t\t\t\t\t<\/div>\n\t\t\t\t<\/div>\n\t\t\t\t\t<\/div>\n\t\t\t\t<\/div>\n\t\t\t\t<\/div>\n\t\t","protected":false},"excerpt":{"rendered":"<p>Retour \u00e0 toutes les activit\u00e9s La sc\u00e8ne principale, c\u2019est le c\u0153ur battant de GameForce, avec deux jours non-stop d\u2019activit\u00e9s et de spectacles de folie. Regarde les cosplayeurs qui d\u00e9filent avec leurs costumes incroyables, plonge dans des tournois pleins d\u2019adr\u00e9naline, ou \u00e9coute des conf\u00e9rences captivantes avec des pros et des l\u00e9gendes du gaming. Il y a [&hellip;]<\/p>\n","protected":false},"author":933,"featured_media":0,"parent":1257,"menu_order":9,"comment_status":"closed","ping_status":"closed","template":"","meta":{"_seopress_robots_primary_cat":"","_seopress_titles_title":"Programme sc\u00e8ne principale  - GameForce","_seopress_titles_desc":"La sc\u00e8ne principale, c\u2019est le c\u0153ur battant de GameForce, avec deux jours non-stop d\u2019activit\u00e9s et de spectacles de folie.","_seopress_robots_index":"","footnotes":""},"class_list":["post-1305","page","type-page","status-publish","hentry"],"_links":{"self":[{"href":"https:\/\/www.gameforce.be\/fr\/wp-json\/wp\/v2\/pages\/1305","targetHints":{"allow":["GET"]}}],"collection":[{"href":"https:\/\/www.gameforce.be\/fr\/wp-json\/wp\/v2\/pages"}],"about":[{"href":"https:\/\/www.gameforce.be\/fr\/wp-json\/wp\/v2\/types\/page"}],"author":[{"embeddable":true,"href":"https:\/\/www.gameforce.be\/fr\/wp-json\/wp\/v2\/users\/933"}],"replies":[{"embeddable":true,"href":"https:\/\/www.gameforce.be\/fr\/wp-json\/wp\/v2\/comments?post=1305"}],"version-history":[{"count":5,"href":"https:\/\/www.gameforce.be\/fr\/wp-json\/wp\/v2\/pages\/1305\/revisions"}],"predecessor-version":[{"id":1433,"href":"https:\/\/www.gameforce.be\/fr\/wp-json\/wp\/v2\/pages\/1305\/revisions\/1433"}],"up":[{"embeddable":true,"href":"https:\/\/www.gameforce.be\/fr\/wp-json\/wp\/v2\/pages\/1257"}],"wp:attachment":[{"href":"https:\/\/www.gameforce.be\/fr\/wp-json\/wp\/v2\/media?parent=1305"}],"curies":[{"name":"wp","href":"https:\/\/api.w.org\/{rel}","templated":true}]}}